{"id":645,"date":"2025-03-05T14:36:21","date_gmt":"2025-03-05T14:36:21","guid":{"rendered":"https:\/\/www.ignitethefire2025.world\/?page_id=645"},"modified":"2025-06-21T07:45:14","modified_gmt":"2025-06-21T07:45:14","slug":"register","status":"publish","type":"page","link":"https:\/\/www.ignitethefire2025.world\/fi\/register\/","title":{"rendered":"Rekister\u00f6i"},"content":{"rendered":"<h2 class=\"wp-block-heading has-text-align-center\">Kutsumme sinut rekister\u00f6itym\u00e4\u00e4n Ignite the Fire - Papua 2025 -tapahtumaan!<\/h2>\n\n\n\n<h3 class=\"wp-block-heading\">Majoituspaketit<\/h3>\n\n\n\n<p><strong>Huomaa - ilmoittautumiset on suljettu. Kansainv\u00e4lisille delegaateille on rajoitetusti paikkoja, ja olemme iloisia voidessamme antaa muille kuin Indonesian kansalaisille mahdollisuuden ilmoittautua 25. kes\u00e4kuuta keskiy\u00f6h\u00f6n asti.<\/strong><br><br>Olemme koonneet konferenssi- ja hotellimajoituspaketteja paikallisille ja kansainv\u00e4lisille delegaateille, ja hinnoittelua on mukautettu siten, ett\u00e4 se kuvastaa haluamme kannustaa mahdollisimman monia yst\u00e4vi\u00e4 tulemaan mukaan.  Luotamme vilpitt\u00f6m\u00e4sti siihen, ett\u00e4 tapahtuman kustannukset ovat kohtuuhintaisia kaikille.<\/p>\n\n\n\n<p>Majoituspaketit sis\u00e4lt\u00e4v\u00e4t 5 y\u00f6n hotellimajoituksen (1.-6. hein\u00e4kuuta 2025), lentokentt\u00e4kuljetuksen ja ateriat konferenssin aikana.<\/p>\n\n\n\n<h3 class=\"wp-block-heading\">Rekister\u00f6inti &amp; majoituspaketit<\/h3>\n\n\n\n<p><strong>Paikkakuntakohtainen pakettihinnoittelu kuvastaa sit\u00e4, ett\u00e4 arvostamme Paapuan korkeita paikallisia matkakustannuksia ja haluamme tehd\u00e4 t\u00e4st\u00e4 tapahtumasta kohtuuhintaisen kaikille.  Tiimimme tarkistaa jokaisen ilmoittautumisen, ja joissakin tapauksissa he saattavat pyyt\u00e4\u00e4 sinulta lis\u00e4tietoja. Kiitos jo etuk\u00e4teen ymm\u00e4rryksest\u00e4nne ja yhteisty\u00f6st\u00e4!&nbsp;<\/strong><\/p>\n\n\n\n<p>T\u00e4ss\u00e4 ovat vaihtoehdot asuinpaikkakunnastasi riippuen:<\/p>\n\n\n\n<figure class=\"wp-block-table table-scroll is-style-regular\"><table><tbody><tr><td>&nbsp;<\/td><td colspan=\"2\"><strong>INDONESIAN EDUSTAJAT<\/strong><\/td><td><strong>KANSAINV\u00c4LINEN<\/strong><\/td><\/tr><tr><td>&nbsp;<\/td><td>Kotimainen: Papuan Sentanin, Jayapuran ja Abepuran piirikuntien asukkaat.<\/td><td>Kotimainen:<br>Sentanin, Abepuran ja Jayapuran piirikuntien ulkopuolella Papualla.<\/td><td><strong>Kaikki muut maat - joitakin lippuja saatavilla 25. kes\u00e4kuuta asti.<\/strong><\/td><\/tr><tr><td><strong>Konferenssi \/ Vain ateriat<\/strong><\/td><td>Rekister\u00f6innit suljettu<\/td><td>&nbsp;<\/td><td>&nbsp;<\/td><\/tr><tr><td><strong>Kahden hengen huone - Jaettu huone \/ konferenssi \/ ateriat<\/strong><\/td><td>Rekister\u00f6innit suljettu<\/td><td>Rekister\u00f6innit suljettu<\/td><td><strong>IDR 1,650,000 \/ US$100<\/strong><\/td><\/tr><tr><td><strong>Yhden hengen huone \/ konferenssi \/ ateriat<\/strong><\/td><td>&nbsp;<\/td><td>Rekister\u00f6innit suljettu<\/td><td><strong>IDR 5,000,000 \/ US$300<\/strong><\/td><\/tr><\/tbody><\/table><\/figure>\n\n\n\n<p>Jos haluatte saapua aikaisemmin tai viipy\u00e4 my\u00f6hemmin, huomioikaa, ett\u00e4 teid\u00e4n on j\u00e4rjestett\u00e4v\u00e4 lentokentt\u00e4kuljetukset ja ylim\u00e4\u00e4r\u00e4inen y\u00f6 majoitus itsen\u00e4isesti.<\/p>\n\n\n\n<p>Huomaa my\u00f6s, ett\u00e4 maahanmuuttoon liittyvist\u00e4 syist\u00e4 edellyt\u00e4mme, ett\u00e4 kaikki edustajat osallistuvat koko konferenssin ohjelmaan alusta loppuun.<\/p>\n\n\n\n<h3 class=\"wp-block-heading\">Matkustusohjeet<\/h3>\n\n\n\n<p>Olemme valmistelleet joitakin hy\u00f6dyllisi\u00e4&nbsp;<strong><a href=\"https:\/\/www.ignitethefire2025.world\/fi\/travel-info\/\">matkatiedot<\/a>&nbsp;mukaan lukien viisumit, maahanmuuttopapereihin liittyv\u00e4 opastus ja paikallisliikenne -&nbsp;<a href=\"https:\/\/www.ignitethefire2025.world\/fi\/travel-info\/\">T\u00c4\u00c4LL\u00c4<\/a>.&nbsp;&nbsp;<\/strong>Kehotamme sinua tarkistamaan sivun ennen kuin otat meihin yhteytt\u00e4, sill\u00e4 monet kysymykset on vastattu siell\u00e4.<\/p>\n\n\n\n<p>\u00c4l\u00e4 l\u00e4hde kotoa \/ matkusta ennen kuin olemme vahvistaneet, ett\u00e4 olemme saaneet t\u00e4yden maksun rekister\u00f6innist\u00e4si ja hotellivarauksestasi.  Meid\u00e4n on oltava varmoja, ett\u00e4 sinulle on varattu s\u00e4nky!<\/p>\n\n\n\n<p>Ilmoitathan meille saapumis- ja l\u00e4ht\u00f6lentosi \/ lauttasi tiedot viimeist\u00e4\u00e4n klo 17 menness\u00e4.<sup>th<\/sup>&nbsp;Kes\u00e4kuu.  L\u00e4het\u00e4 ne s\u00e4hk\u00f6postitse osoitteeseen&nbsp;<a href=\"mailto:info@ignitethefire2025.world\">info@ignitethefire2025.world<\/a>&nbsp;TAI l\u00e4het\u00e4 ne meille WhatsAppilla alla oleviin yhteystietoihin.<\/p>\n\n\n\n<h3 class=\"wp-block-heading\">Maksu<\/h3>\n\n\n\n<p>Pystymme hyv\u00e4ksym\u00e4\u00e4n maksun verkossa useimmilla yleisimmill\u00e4 pankki- ja luottokorteilla.  Stripe-maksuportti n\u00e4ytt\u00e4\u00e4 vastaanottajana 'International Prayer Connect'.<\/p>\n\n\n\n<p>Vaihtoehtoisesti voit maksaa pankkisiirrolla \/ pankkisiirrolla k\u00e4ytt\u00e4m\u00e4ll\u00e4 alla olevia tilitietoja.  Suoritathan maksun ennen kuin t\u00e4yt\u00e4t rekister\u00f6intilomakkeen, jotta voit ladata meille maksuvahvistuksen.  Muista ilmoittaa viitteeksi koko nimesi.<\/p>\n\n\n\n<p>Poikkeustapauksissa voimme ehk\u00e4 hyv\u00e4ksy\u00e4 k\u00e4teismaksun saapuessasi.  Ota meihin yhteytt\u00e4 t\u00e4m\u00e4n j\u00e4rjest\u00e4miseksi.<\/p>\n\n\n\n<h3 class=\"wp-block-heading\">Rekister\u00f6ityminen<\/h3>\n\n\n\n<div class=\"wp-block-buttons is-layout-flex wp-block-buttons-is-layout-flex\">\n<div class=\"wp-block-button\"><a class=\"wp-block-button__link wp-element-button\" href=\"https:\/\/www.ignitethefire2025.world\/fi\/registration-form\/\">Vain kansainv\u00e4liset edustajat - <br>T\u00e4yt\u00e4 rekister\u00f6intilomake T\u00c4ST\u00c4<\/a><\/div>\n<\/div>\n\n\n\n<h3 class=\"wp-block-heading\">Yhteydenotto meihin<\/h3>\n\n\n\n<p>Jos sinulla on kysytt\u00e4v\u00e4\u00e4 tai tarvitset apua rekister\u00f6itymisess\u00e4si, t\u00e4yt\u00e4 seuraavat tiedot <strong><a href=\"https:\/\/www.ignitethefire2025.world\/fi\/contact\/\">Yhteydenottolomake<\/a><\/strong> ja otamme sinuun yhteytt\u00e4 mahdollisimman pian.  Jos asia on eritt\u00e4in kiireellinen, soita tai l\u00e4het\u00e4 WhatsApp-soitto alla olevassa Lis\u00e4tietoja-osiossa luetelluille kolmelle edustajalle.<\/p>\n\n\n\n<hr class=\"wp-block-separator has-alpha-channel-opacity\"\/>\n\n\n\n<h2 class=\"wp-block-heading has-text-align-center\">Tapahtumamme pankkitilin tiedot:<\/h2>\n\n\n<div class=\"wp-block-image\">\n<figure class=\"aligncenter size-full\"><img loading=\"lazy\" decoding=\"async\" width=\"120\" height=\"120\" src=\"https:\/\/www.ignitethefire2025.world\/wp-content\/uploads\/2025\/03\/bankaccount.png\" alt=\"\" class=\"wp-image-565\"\/><\/figure>\n<\/div>\n\n\n<p class=\"has-text-align-center\"><strong>Tilin nimi:<\/strong><br>Ely Radia Alsa \/ Yulius Weya<\/p>\n\n\n\n<p class=\"has-text-align-center\"><strong>Pankkitilin numero:<\/strong><br>1540020076901<br>Pankin nimi \/ sivukonttori<\/p>\n\n\n\n<p class=\"has-text-align-center\"><strong>MANDIRI PANKKI<\/strong><br>Jayapura Sentani Bran<\/p>","protected":false},"excerpt":{"rendered":"<p>We invite you to register for Ignite the Fire \u2013 Papua 2025! Accommodation Packages Please note - registrations are closed. We have limited places available...<\/p>","protected":false},"author":1,"featured_media":748,"parent":0,"menu_order":0,"comment_status":"closed","ping_status":"closed","template":"","meta":{"_acf_changed":false,"footnotes":""},"class_list":["post-645","page","type-page","status-publish","has-post-thumbnail","hentry"],"acf":[],"_links":{"self":[{"href":"https:\/\/www.ignitethefire2025.world\/fi\/wp-json\/wp\/v2\/pages\/645","targetHints":{"allow":["GET"]}}],"collection":[{"href":"https:\/\/www.ignitethefire2025.world\/fi\/wp-json\/wp\/v2\/pages"}],"about":[{"href":"https:\/\/www.ignitethefire2025.world\/fi\/wp-json\/wp\/v2\/types\/page"}],"author":[{"embeddable":true,"href":"https:\/\/www.ignitethefire2025.world\/fi\/wp-json\/wp\/v2\/users\/1"}],"replies":[{"embeddable":true,"href":"https:\/\/www.ignitethefire2025.world\/fi\/wp-json\/wp\/v2\/comments?post=645"}],"version-history":[{"count":40,"href":"https:\/\/www.ignitethefire2025.world\/fi\/wp-json\/wp\/v2\/pages\/645\/revisions"}],"predecessor-version":[{"id":1326,"href":"https:\/\/www.ignitethefire2025.world\/fi\/wp-json\/wp\/v2\/pages\/645\/revisions\/1326"}],"wp:featuredmedia":[{"embeddable":true,"href":"https:\/\/www.ignitethefire2025.world\/fi\/wp-json\/wp\/v2\/media\/748"}],"wp:attachment":[{"href":"https:\/\/www.ignitethefire2025.world\/fi\/wp-json\/wp\/v2\/media?parent=645"}],"curies":[{"name":"wp","href":"https:\/\/api.w.org\/{rel}","templated":true}]}}