{"id":645,"date":"2025-03-05T14:36:21","date_gmt":"2025-03-05T14:36:21","guid":{"rendered":"https:\/\/www.ignitethefire2025.world\/?page_id=645"},"modified":"2025-06-21T07:45:14","modified_gmt":"2025-06-21T07:45:14","slug":"register","status":"publish","type":"page","link":"https:\/\/www.ignitethefire2025.world\/pt\/register\/","title":{"rendered":"Registar"},"content":{"rendered":"<h2 class=\"wp-block-heading has-text-align-center\">Convidamo-lo a inscrever-se no Ignite the Fire - Papua 2025!<\/h2>\n\n\n\n<h3 class=\"wp-block-heading\">Pacotes de alojamento<\/h3>\n\n\n\n<p><strong>Aten\u00e7\u00e3o - as inscri\u00e7\u00f5es est\u00e3o encerradas. Temos lugares limitados dispon\u00edveis para delegados internacionais e temos o prazer de permitir que cidad\u00e3os n\u00e3o indon\u00e9sios se inscrevam at\u00e9 \u00e0 meia-noite de 25 de junho.<\/strong><br><br>Organiz\u00e1mos pacotes de confer\u00eancias e alojamento em hotel para delegados locais e internacionais, com pre\u00e7os adaptados para refletir o nosso desejo de encorajar o maior n\u00famero poss\u00edvel de amigos a juntarem-se a n\u00f3s.  Esperamos sinceramente que o custo do evento seja acess\u00edvel a todos.<\/p>\n\n\n\n<p>Os pacotes de alojamento incluem 5 noites de alojamento em hotel (de 1 a 6 de julho de 2025), transporte do aeroporto e refei\u00e7\u00f5es durante a confer\u00eancia.<\/p>\n\n\n\n<h3 class=\"wp-block-heading\">Inscri\u00e7\u00e3o e pacotes de alojamento<\/h3>\n\n\n\n<p><strong>Os pre\u00e7os dos pacotes baseados na localiza\u00e7\u00e3o reflectem o nosso apre\u00e7o pelos elevados custos de desloca\u00e7\u00e3o locais na Papu\u00e1sia e o nosso desejo de tornar este evento acess\u00edvel a todos.  A nossa equipa verificar\u00e1 cada inscri\u00e7\u00e3o e, em alguns casos, poder\u00e1 pedir-lhe mais informa\u00e7\u00f5es. Agradecemos desde j\u00e1 a vossa compreens\u00e3o e coopera\u00e7\u00e3o!&nbsp;<\/strong><\/p>\n\n\n\n<p>Eis as op\u00e7\u00f5es consoante o local onde vive:<\/p>\n\n\n\n<figure class=\"wp-block-table table-scroll is-style-regular\"><table><tbody><tr><td>&nbsp;<\/td><td colspan=\"2\"><strong>DELEGADOS INDON\u00c9SIOS<\/strong><\/td><td><strong>INTERNACIONAL<\/strong><\/td><\/tr><tr><td>&nbsp;<\/td><td>Dom\u00e9stica: Residentes dos distritos de Sentani, Jayapura e Abepura, na Papu\u00e1sia.<\/td><td>Dom\u00e9stica:<br>Fora dos distritos de Sentani, Abepura e Jayapura, na Papu\u00e1sia.<\/td><td><strong>Todos os outros pa\u00edses - alguns bilhetes dispon\u00edveis at\u00e9 25 de junho.<\/strong><\/td><\/tr><tr><td><strong>Confer\u00eancia \/ Apenas refei\u00e7\u00f5es<\/strong><\/td><td>Inscri\u00e7\u00f5es encerradas<\/td><td>&nbsp;<\/td><td>&nbsp;<\/td><\/tr><tr><td><strong>Twin - Quarto partilhado \/ Confer\u00eancia \/ Refei\u00e7\u00f5es<\/strong><\/td><td>Inscri\u00e7\u00f5es encerradas<\/td><td>Inscri\u00e7\u00f5es encerradas<\/td><td><strong>IDR 1,650,000 \/ US$100<\/strong><\/td><\/tr><tr><td><strong>Quarto individual \/ Confer\u00eancia \/ Refei\u00e7\u00f5es<\/strong><\/td><td>&nbsp;<\/td><td>Inscri\u00e7\u00f5es encerradas<\/td><td><strong>IDR 5,000,000 \/ US$300<\/strong><\/td><\/tr><\/tbody><\/table><\/figure>\n\n\n\n<p>Se desejar chegar mais cedo ou ficar at\u00e9 mais tarde, tenha em aten\u00e7\u00e3o que ter\u00e1 de organizar o seu transporte para o aeroporto e o alojamento de uma noite extra de forma independente.<\/p>\n\n\n\n<p>Por motivos relacionados com a imigra\u00e7\u00e3o, exigimos que todos os delegados assistam a todo o programa da confer\u00eancia, do in\u00edcio ao fim.<\/p>\n\n\n\n<h3 class=\"wp-block-heading\">Diretrizes de viagem<\/h3>\n\n\n\n<p>Prepar\u00e1mos algumas informa\u00e7\u00f5es \u00fateis&nbsp;<strong><a href=\"https:\/\/www.ignitethefire2025.world\/pt\/travel-info\/\">informa\u00e7\u00f5es sobre viagens<\/a>&nbsp;incluindo vistos, orienta\u00e7\u00e3o sobre a documenta\u00e7\u00e3o relativa \u00e0 imigra\u00e7\u00e3o e transportes locais&nbsp;<a href=\"https:\/\/www.ignitethefire2025.world\/pt\/travel-info\/\">AQUI<\/a>.&nbsp;&nbsp;<\/strong>Aconselhamo-lo a consultar a p\u00e1gina antes de nos contactar, uma vez que muitas perguntas s\u00e3o a\u00ed respondidas.<\/p>\n\n\n\n<p>N\u00e3o saia de casa\/viaje at\u00e9 termos confirmado a rece\u00e7\u00e3o do pagamento integral da sua inscri\u00e7\u00e3o e a reserva de hotel consigo.  \u00c9 preciso ter a certeza de que h\u00e1 uma cama para si!<\/p>\n\n\n\n<p>Por favor, informe-nos dos detalhes do seu voo \/ ferry de chegada e partida at\u00e9 17<sup>th<\/sup>&nbsp;junho.  Envie-os por correio eletr\u00f3nico para&nbsp;<a href=\"mailto:info@ignitethefire2025.world\">info@ignitethefire2025.world<\/a>&nbsp;OU envie-nos por WhatsApp atrav\u00e9s das informa\u00e7\u00f5es de contacto abaixo.<\/p>\n\n\n\n<h3 class=\"wp-block-heading\">Pagamento<\/h3>\n\n\n\n<p>Podemos aceitar pagamentos online com a maioria dos principais cart\u00f5es de d\u00e9bito e cr\u00e9dito.  O gateway de pagamento Stripe apresentar\u00e1 \"International Prayer Connect\" como destinat\u00e1rio.<\/p>\n\n\n\n<p>Em alternativa, pode efetuar o pagamento por transfer\u00eancia banc\u00e1ria utilizando os dados da conta abaixo indicados.  Efectue o pagamento antes de preencher o formul\u00e1rio de inscri\u00e7\u00e3o, para poder enviar-nos a confirma\u00e7\u00e3o do pagamento.  N\u00e3o se esque\u00e7a de incluir o seu nome completo como refer\u00eancia.<\/p>\n\n\n\n<p>Em circunst\u00e2ncias excepcionais, poderemos aceitar o pagamento em dinheiro \u00e0 chegada.  Para tal, contacte-nos.<\/p>\n\n\n\n<h3 class=\"wp-block-heading\">Para se registar<\/h3>\n\n\n\n<div class=\"wp-block-buttons is-layout-flex wp-block-buttons-is-layout-flex\">\n<div class=\"wp-block-button\"><a class=\"wp-block-button__link wp-element-button\" href=\"https:\/\/www.ignitethefire2025.world\/pt\/registration-form\/\">Apenas delegados internacionais - <br>Preencher o formul\u00e1rio de inscri\u00e7\u00e3o AQUI<\/a><\/div>\n<\/div>\n\n\n\n<h3 class=\"wp-block-heading\">Como contactar-nos<\/h3>\n\n\n\n<p>Se tiver d\u00favidas ou precisar de ajuda com a sua inscri\u00e7\u00e3o, preencha o formul\u00e1rio <strong><a href=\"https:\/\/www.ignitethefire2025.world\/pt\/contact\/\">Formul\u00e1rio de contacto<\/a><\/strong> e entraremos em contacto consigo logo que poss\u00edvel.  Se o assunto for extremamente urgente, contacte por telefone ou WhatsApp os tr\u00eas representantes indicados na sec\u00e7\u00e3o Mais informa\u00e7\u00f5es abaixo.<\/p>\n\n\n\n<hr class=\"wp-block-separator has-alpha-channel-opacity\"\/>\n\n\n\n<h2 class=\"wp-block-heading has-text-align-center\">Detalhes da conta banc\u00e1ria do nosso evento:<\/h2>\n\n\n<div class=\"wp-block-image\">\n<figure class=\"aligncenter size-full\"><img loading=\"lazy\" decoding=\"async\" width=\"120\" height=\"120\" src=\"https:\/\/www.ignitethefire2025.world\/wp-content\/uploads\/2025\/03\/bankaccount.png\" alt=\"\" class=\"wp-image-565\"\/><\/figure>\n<\/div>\n\n\n<p class=\"has-text-align-center\"><strong>Nome da conta:<\/strong><br>Ely Radia Alsa \/ Yulius Weya<\/p>\n\n\n\n<p class=\"has-text-align-center\"><strong>N\u00famero da conta banc\u00e1ria:<\/strong><br>1540020076901<br>Nome do banco \/ ag\u00eancia<\/p>\n\n\n\n<p class=\"has-text-align-center\"><strong>BANCO MANDIRI<\/strong><br>Jayapura Sentani Bran<\/p>","protected":false},"excerpt":{"rendered":"<p>We invite you to register for Ignite the Fire \u2013 Papua 2025! Accommodation Packages Please note - registrations are closed. We have limited places available...<\/p>","protected":false},"author":1,"featured_media":748,"parent":0,"menu_order":0,"comment_status":"closed","ping_status":"closed","template":"","meta":{"_acf_changed":false,"footnotes":""},"class_list":["post-645","page","type-page","status-publish","has-post-thumbnail","hentry"],"acf":[],"_links":{"self":[{"href":"https:\/\/www.ignitethefire2025.world\/pt\/wp-json\/wp\/v2\/pages\/645","targetHints":{"allow":["GET"]}}],"collection":[{"href":"https:\/\/www.ignitethefire2025.world\/pt\/wp-json\/wp\/v2\/pages"}],"about":[{"href":"https:\/\/www.ignitethefire2025.world\/pt\/wp-json\/wp\/v2\/types\/page"}],"author":[{"embeddable":true,"href":"https:\/\/www.ignitethefire2025.world\/pt\/wp-json\/wp\/v2\/users\/1"}],"replies":[{"embeddable":true,"href":"https:\/\/www.ignitethefire2025.world\/pt\/wp-json\/wp\/v2\/comments?post=645"}],"version-history":[{"count":40,"href":"https:\/\/www.ignitethefire2025.world\/pt\/wp-json\/wp\/v2\/pages\/645\/revisions"}],"predecessor-version":[{"id":1326,"href":"https:\/\/www.ignitethefire2025.world\/pt\/wp-json\/wp\/v2\/pages\/645\/revisions\/1326"}],"wp:featuredmedia":[{"embeddable":true,"href":"https:\/\/www.ignitethefire2025.world\/pt\/wp-json\/wp\/v2\/media\/748"}],"wp:attachment":[{"href":"https:\/\/www.ignitethefire2025.world\/pt\/wp-json\/wp\/v2\/media?parent=645"}],"curies":[{"name":"wp","href":"https:\/\/api.w.org\/{rel}","templated":true}]}}