{"id":645,"date":"2025-03-05T14:36:21","date_gmt":"2025-03-05T14:36:21","guid":{"rendered":"https:\/\/www.ignitethefire2025.world\/?page_id=645"},"modified":"2025-06-21T07:45:14","modified_gmt":"2025-06-21T07:45:14","slug":"register","status":"publish","type":"page","link":"https:\/\/www.ignitethefire2025.world\/ro\/register\/","title":{"rendered":"\u00cenregistrare"},"content":{"rendered":"<h2 class=\"wp-block-heading has-text-align-center\">V\u0103 invit\u0103m s\u0103 v\u0103 \u00eenregistra\u021bi pentru Ignite the Fire - Papua 2025!<\/h2>\n\n\n\n<h3 class=\"wp-block-heading\">Pachete de cazare<\/h3>\n\n\n\n<p><strong>Please note - registrations are closed. We have limited places available for international delegates, and are pleased to allow non-Indonesian nationals to register up to midnight on 25th June.<\/strong><br><br>Am alc\u0103tuit pachete de conferin\u021b\u0103 \u0219i cazare la hotel pentru delega\u021bii locali \u0219i interna\u021bionali, cu pre\u021buri adaptate pentru a reflecta dorin\u021ba noastr\u0103 de a \u00eencuraja c\u00e2t mai mul\u021bi prieteni s\u0103 ni se al\u0103ture.  Avem \u00eencredere sincer\u0103 c\u0103 costul evenimentului va fi accesibil tuturor.<\/p>\n\n\n\n<p>The accommodation packages include 5 night\u2019s hotel accommodation&nbsp;(from&nbsp;July 1 to July 6, 2025),&nbsp;airport pickup, and&nbsp;meals during the conference.<\/p>\n\n\n\n<h3 class=\"wp-block-heading\">Pachete de \u00eenregistrare \u0219i cazare<\/h3>\n\n\n\n<p><strong>Pre\u021bul pachetului \u00een func\u021bie de loca\u021bie reflect\u0103 aprecierea noastr\u0103 fa\u021b\u0103 de costurile ridicate ale deplas\u0103rii locale \u00een Papua \u0219i dorin\u021ba noastr\u0103 de a face acest eveniment accesibil tuturor.  Echipa noastr\u0103 va verifica fiecare \u00eenregistrare \u0219i, \u00een unele cazuri, este posibil s\u0103 v\u0103 solicite mai multe informa\u021bii. V\u0103 mul\u021bumim anticipat pentru \u00een\u021belegere \u0219i cooperare!&nbsp;<\/strong><\/p>\n\n\n\n<p>Iat\u0103 care sunt op\u021biunile \u00een func\u021bie de locul \u00een care locui\u021bi:<\/p>\n\n\n\n<figure class=\"wp-block-table table-scroll is-style-regular\"><table><tbody><tr><td>&nbsp;<\/td><td colspan=\"2\"><strong>DELEGA\u021aI INDONEZIENI<\/strong><\/td><td><strong>INTERNA\u021aIONAL<\/strong><\/td><\/tr><tr><td>&nbsp;<\/td><td>Na\u021bional: Locuitori din districtele Sentani, Jayapura \u0219i Abepura din Papua.<\/td><td>Intern:<br>\u00cen afara districtelor Sentani, Abepura \u0219i Jayapura din Papua.<\/td><td><strong>All other countries - some tickets available until 25th June.<\/strong><\/td><\/tr><tr><td><strong>Conferin\u021b\u0103 \/ Doar mese<\/strong><\/td><td>Registrations Closed<\/td><td>&nbsp;<\/td><td>&nbsp;<\/td><\/tr><tr><td><strong>Twin - Camer\u0103 comun\u0103 \/ Conferin\u021b\u0103 \/ Mas\u0103<\/strong><\/td><td>Registrations Closed<\/td><td>Registrations Closed<\/td><td><strong>IDR 1,650,000 \/ US$100<\/strong><\/td><\/tr><tr><td><strong>Camer\u0103 single \/ Conferin\u021b\u0103 \/ Mas\u0103<\/strong><\/td><td>&nbsp;<\/td><td>Registrations Closed<\/td><td><strong>IDR 5,000,000 \/ US$300<\/strong><\/td><\/tr><\/tbody><\/table><\/figure>\n\n\n\n<p>Dac\u0103 dori\u021bi s\u0103 ajunge\u021bi mai devreme sau s\u0103 r\u0103m\u00e2ne\u021bi mai t\u00e2rziu, v\u0103 rug\u0103m s\u0103 re\u021bine\u021bi c\u0103 va trebui s\u0103 v\u0103 organiza\u021bi \u00een mod independent transferurile de la aeroport \u0219i nop\u021bile suplimentare de cazare.<\/p>\n\n\n\n<p>De asemenea, v\u0103 rug\u0103m s\u0103 re\u021bine\u021bi c\u0103, din motive legate de imigra\u021bie, solicit\u0103m tuturor delega\u021bilor s\u0103 participe la \u00eentregul program al conferin\u021bei de la \u00eenceput p\u00e2n\u0103 la sf\u00e2r\u0219it.<\/p>\n\n\n\n<h3 class=\"wp-block-heading\">Orient\u0103ri de c\u0103l\u0103torie<\/h3>\n\n\n\n<p>Am preg\u0103tit c\u00e2teva informa\u021bii utile&nbsp;<strong><a href=\"https:\/\/www.ignitethefire2025.world\/ro\/travel-info\/\">informa\u021bii de c\u0103l\u0103torie<\/a>&nbsp;inclusiv vize, \u00eendrumare privind documentele de imigrare \u0219i transport local -&nbsp;<a href=\"https:\/\/www.ignitethefire2025.world\/ro\/travel-info\/\">AICI<\/a>.&nbsp;&nbsp;<\/strong>V\u0103 \u00eencuraj\u0103m s\u0103 verifica\u021bi pagina \u00eenainte de a ne contacta, deoarece multe \u00eentreb\u0103ri \u00ee\u0219i g\u0103sesc r\u0103spunsul acolo.<\/p>\n\n\n\n<p>Nu pleca\u021bi de acas\u0103\/\u00een c\u0103l\u0103torie p\u00e2n\u0103 c\u00e2nd nu primim confirmarea de primire a pl\u0103\u021bii integrale a \u00eenscrierii dvs. \u0219i a rezerv\u0103rii hotelului.  Trebuie s\u0103 fim siguri c\u0103 exist\u0103 un pat pentru dumneavoastr\u0103!<\/p>\n\n\n\n<p>V\u0103 rug\u0103m s\u0103 ne comunica\u021bi detaliile zborului \/ feribotului de sosire \u0219i plecare p\u00e2n\u0103 la 17<sup>th<\/sup>&nbsp;Iunie.  Trimite\u021bi-le prin e-mail la&nbsp;<a href=\"mailto:info@ignitethefire2025.world\">info@ignitethefire2025.world<\/a>&nbsp;Sau trimite\u021bi-le pe WhatsApp la datele de contact de mai jos.<\/p>\n\n\n\n<h3 class=\"wp-block-heading\">Plata<\/h3>\n\n\n\n<p>Putem accepta plata online cu majoritatea cardurilor de debit \u0219i de credit importante.  Gateway-ul de plat\u0103 Stripe va afi\u0219a \"International Prayer Connect\" ca destinatar.<\/p>\n\n\n\n<p>Alternativ, pute\u021bi pl\u0103ti prin virament \/ transfer bancar utiliz\u00e2nd informa\u021biile despre cont de mai jos.  V\u0103 rug\u0103m s\u0103 efectua\u021bi plata \u00eenainte de a completa formularul de \u00eenregistrare, astfel \u00eenc\u00e2t s\u0103 ne pute\u021bi \u00eenc\u0103rca confirmarea pl\u0103\u021bii.  Nu uita\u021bi s\u0103 include\u021bi numele dvs. complet ca referin\u021b\u0103.<\/p>\n\n\n\n<p>\u00cen circumstan\u021be excep\u021bionale, este posibil s\u0103 accept\u0103m plata \u00een numerar la sosire.  V\u0103 rug\u0103m s\u0103 ne contacta\u021bi pentru a aranja acest lucru.<\/p>\n\n\n\n<h3 class=\"wp-block-heading\">Pentru \u00eenregistrare<\/h3>\n\n\n\n<div class=\"wp-block-buttons is-layout-flex wp-block-buttons-is-layout-flex\">\n<div class=\"wp-block-button\"><a class=\"wp-block-button__link wp-element-button\" href=\"https:\/\/www.ignitethefire2025.world\/ro\/registration-form\/\">International Delegates only - <br>Completa\u021bi formularul de \u00eenregistrare AICI<\/a><\/div>\n<\/div>\n\n\n\n<h3 class=\"wp-block-heading\">Contacta\u021bi-ne<\/h3>\n\n\n\n<p>Dac\u0103 ave\u021bi \u00eentreb\u0103ri sau ave\u021bi nevoie de asisten\u021b\u0103 pentru \u00eenregistrare, v\u0103 rug\u0103m s\u0103 completa\u021bi formularul <strong><a href=\"https:\/\/www.ignitethefire2025.world\/ro\/contact\/\">Formular de contact<\/a><\/strong> \u0219i v\u0103 vom r\u0103spunde c\u00e2t mai cur\u00e2nd posibil.  Dac\u0103 problema este extrem de urgent\u0103, v\u0103 rug\u0103m s\u0103 suna\u021bi sau s\u0103 trimite\u021bi un mesaj pe WhatsApp celor trei reprezentan\u021bi enumera\u021bi \u00een sec\u021biunea Mai multe informa\u021bii de mai jos.<\/p>\n\n\n\n<hr class=\"wp-block-separator has-alpha-channel-opacity\"\/>\n\n\n\n<h2 class=\"wp-block-heading has-text-align-center\">Detaliile contului bancar al evenimentului nostru:<\/h2>\n\n\n<div class=\"wp-block-image\">\n<figure class=\"aligncenter size-full\"><img loading=\"lazy\" decoding=\"async\" width=\"120\" height=\"120\" src=\"https:\/\/www.ignitethefire2025.world\/wp-content\/uploads\/2025\/03\/bankaccount.png\" alt=\"\" class=\"wp-image-565\"\/><\/figure>\n<\/div>\n\n\n<p class=\"has-text-align-center\"><strong>Numele contului:<\/strong><br>Ely Radia Alsa \/ Yulius Weya<\/p>\n\n\n\n<p class=\"has-text-align-center\"><strong>Num\u0103rul contului bancar:<\/strong><br>1540020076901<br>Numele b\u0103ncii \/ sucursal\u0103<\/p>\n\n\n\n<p class=\"has-text-align-center\"><strong>BANCA MANDIRI<\/strong><br>Jayapura Sentani Bran<\/p>","protected":false},"excerpt":{"rendered":"<p>We invite you to register for Ignite the Fire \u2013 Papua 2025! Accommodation Packages Please note - registrations are closed. We have limited places available...<\/p>","protected":false},"author":1,"featured_media":748,"parent":0,"menu_order":0,"comment_status":"closed","ping_status":"closed","template":"","meta":{"_acf_changed":false,"footnotes":""},"class_list":["post-645","page","type-page","status-publish","has-post-thumbnail","hentry"],"acf":[],"_links":{"self":[{"href":"https:\/\/www.ignitethefire2025.world\/ro\/wp-json\/wp\/v2\/pages\/645","targetHints":{"allow":["GET"]}}],"collection":[{"href":"https:\/\/www.ignitethefire2025.world\/ro\/wp-json\/wp\/v2\/pages"}],"about":[{"href":"https:\/\/www.ignitethefire2025.world\/ro\/wp-json\/wp\/v2\/types\/page"}],"author":[{"embeddable":true,"href":"https:\/\/www.ignitethefire2025.world\/ro\/wp-json\/wp\/v2\/users\/1"}],"replies":[{"embeddable":true,"href":"https:\/\/www.ignitethefire2025.world\/ro\/wp-json\/wp\/v2\/comments?post=645"}],"version-history":[{"count":40,"href":"https:\/\/www.ignitethefire2025.world\/ro\/wp-json\/wp\/v2\/pages\/645\/revisions"}],"predecessor-version":[{"id":1326,"href":"https:\/\/www.ignitethefire2025.world\/ro\/wp-json\/wp\/v2\/pages\/645\/revisions\/1326"}],"wp:featuredmedia":[{"embeddable":true,"href":"https:\/\/www.ignitethefire2025.world\/ro\/wp-json\/wp\/v2\/media\/748"}],"wp:attachment":[{"href":"https:\/\/www.ignitethefire2025.world\/ro\/wp-json\/wp\/v2\/media?parent=645"}],"curies":[{"name":"wp","href":"https:\/\/api.w.org\/{rel}","templated":true}]}}